{"id":9853,"date":"2023-10-25T15:12:24","date_gmt":"2023-10-25T15:12:24","guid":{"rendered":"https:\/\/www.fenixdevshop.com\/laserc\/big-data-inteligencia-artificial-y-business-inteligence-copy\/"},"modified":"2025-03-11T20:03:04","modified_gmt":"2025-03-11T20:03:04","slug":"erp","status":"publish","type":"page","link":"https:\/\/lasercomputacion.com\/panama\/erp\/","title":{"rendered":"Aplicativos"},"content":{"rendered":"<p>[vc_row kd_background_image_position=\u00bbvc_row-bg-position-top\u00bb css=\u00bb.vc_custom_1698246718707{padding-top: 60px !important;padding-bottom: 70px !important;}\u00bb css_tablet_portrait=\u00bb.vc_custom_1698246718708{padding-top: 45px !important;}\u00bb css_mobile=\u00bb.vc_custom_1698246718708{padding-top: 45px !important;}\u00bb][vc_column width=\u00bb1\/6&#8243;][\/vc_column][vc_column width=\u00bb2\/3&#8243;]<header class=\"kd-section-title col-lg-12 text-left  subtitle-below-title kd-animated fadeIn  \" data-animation-delay=200><p class=\"subtitle\" style=\"color: #000000;font-size:17px;\">En Laser Computaci\u00f3n, te ofrecemos las mejores soluciones tecnol\u00f3gicas para optimizar la gesti\u00f3n de tu negocio. Colaboramos con las marcas l\u00edderes en el mercado para brindarte herramientas innovadoras que impulsen la productividad, la eficiencia y el crecimiento de tu empresa.<\/p><\/header><header class=\"kd-section-title col-lg-12 text-left  subtitle-below-title kd-animated fadeIn  \" data-animation-delay=200><p class=\"subtitle\" style=\"color: #000000;font-size:17px;\">TOTVS<br \/>\nTOTVS es el mayor desarrollador de sistemas empresariales de Am\u00e9rica Latina, y en Laser Computaci\u00f3n te ofrecemos sus soluciones m\u00e1s destacadas:<\/p>\n<p>ERP TOTVS: Un sistema integrado de gesti\u00f3n empresarial que centraliza las operaciones de tu negocio, desde finanzas y compras hasta inventarios y ventas, permiti\u00e9ndote tomar decisiones m\u00e1s estrat\u00e9gicas.<\/p>\n<p>RRHH TOTVS: Una soluci\u00f3n completa para la gesti\u00f3n del capital humano, que facilita la administraci\u00f3n de n\u00f3minas, beneficios, reclutamiento y desempe\u00f1o de tus colaboradores.<\/p>\n<p>Fluig: Una plataforma de transformaci\u00f3n digital que integra procesos, documentos y personas, optimizando la colaboraci\u00f3n y la gesti\u00f3n de tareas en tu organizaci\u00f3n.<\/p><\/header><header class=\"kd-section-title col-lg-12 text-left  subtitle-below-title kd-animated fadeIn  \" data-animation-delay=200><p class=\"subtitle\" style=\"color: #000000;font-size:17px;\">FRESHWORKS<br \/>\nFreshworks ofrece herramientas intuitivas y eficientes para mejorar la experiencia de tus clientes y equipos. En Laser Computaci\u00f3n, te presentamos sus aplicativos m\u00e1s populares:<\/p>\n<p>Freshservice: Un software de gesti\u00f3n de servicios IT que simplifica la resoluci\u00f3n de incidencias, la gesti\u00f3n de activos y la automatizaci\u00f3n de procesos.<\/p>\n<p>Freshdesk: Una plataforma de atenci\u00f3n al cliente que te permite gestionar tickets, comunicarte con tus clientes y ofrecer soporte multicanal de manera eficiente.<\/p>\n<p>Freshsales: Un CRM dise\u00f1ado para equipos de ventas, que te ayuda a gestionar leads, automatizar tareas y cerrar tratos m\u00e1s r\u00e1pido.<\/p><\/header>[\/vc_column][vc_column width=\u00bb1\/6&#8243;][\/vc_column][\/vc_row][vc_row full_width=\u00bbstretch_row\u00bb kd_background_image_position=\u00bbvc_row-bg-position-top\u00bb css=\u00bb.vc_custom_1698185430495{padding-bottom: 0px !important;}\u00bb][vc_column][vc_row_inner kd_background_image_position=\u00bbvc_row-bg-position-top\u00bb css=\u00bb.vc_custom_1599041255159{padding-bottom: 100px !important;}\u00bb][vc_column_inner]<div class=\"slider clients opacity-effect kd-client-69f64cb841ce5 black-navigation \"><div class=\"clients-content kd-animated fadeInUp\" ><img loading=\"lazy\" decoding=\"async\" width=\"181\" height=\"76\" src=\"https:\/\/lasercomputacion.com\/panama\/wp-content\/uploads\/2023\/10\/aliado1.jpg\" class=\"attachment-full\" alt=\"\" title=\"\" \/><\/div><div class=\"clients-content kd-animated fadeInUp\" data-animation-delay=200><img loading=\"lazy\" decoding=\"async\" width=\"181\" height=\"76\" src=\"https:\/\/lasercomputacion.com\/panama\/wp-content\/uploads\/2023\/10\/aliado2.jpg\" class=\"attachment-full\" alt=\"\" title=\"\" \/><\/div><div class=\"clients-content kd-animated fadeInUp\" data-animation-delay=400><img loading=\"lazy\" decoding=\"async\" width=\"181\" height=\"76\" src=\"https:\/\/lasercomputacion.com\/panama\/wp-content\/uploads\/2023\/10\/aliado3.jpg\" class=\"attachment-full\" alt=\"\" title=\"\" \/><\/div><div class=\"clients-content kd-animated fadeInUp\" data-animation-delay=600><img loading=\"lazy\" decoding=\"async\" width=\"181\" height=\"76\" src=\"https:\/\/lasercomputacion.com\/panama\/wp-content\/uploads\/2023\/10\/aliado4.jpg\" class=\"attachment-full\" alt=\"\" title=\"\" \/><\/div><div class=\"clients-content kd-animated fadeInUp\" data-animation-delay=800><img loading=\"lazy\" decoding=\"async\" width=\"181\" height=\"76\" src=\"https:\/\/lasercomputacion.com\/panama\/wp-content\/uploads\/2023\/10\/aliado5.jpg\" class=\"attachment-full\" alt=\"\" title=\"\" \/><\/div><div class=\"clients-content kd-animated fadeInUp\" data-animation-delay=1000><img loading=\"lazy\" decoding=\"async\" width=\"181\" height=\"76\" src=\"https:\/\/lasercomputacion.com\/panama\/wp-content\/uploads\/2023\/10\/aliado6.jpg\" class=\"attachment-full\" alt=\"\" title=\"\" \/><\/div><div class=\"clients-content kd-animated fadeInUp\" data-animation-delay=1000><img loading=\"lazy\" decoding=\"async\" width=\"181\" height=\"76\" src=\"https:\/\/lasercomputacion.com\/panama\/wp-content\/uploads\/2023\/10\/aliado7.jpg\" class=\"attachment-full\" alt=\"\" title=\"\" \/><\/div><div class=\"clients-content kd-animated fadeInUp\" data-animation-delay=1000><img loading=\"lazy\" decoding=\"async\" width=\"181\" height=\"76\" src=\"https:\/\/lasercomputacion.com\/panama\/wp-content\/uploads\/2025\/01\/freshworks-logo-web-05.jpg\" class=\"attachment-full\" alt=\"\" title=\"\" \/><\/div><div class=\"clients-content kd-animated fadeInUp\" data-animation-delay=1000><img loading=\"lazy\" decoding=\"async\" width=\"181\" height=\"76\" src=\"https:\/\/lasercomputacion.com\/panama\/wp-content\/uploads\/2023\/10\/aliado10.jpg\" class=\"attachment-full\" alt=\"\" title=\"\" \/><\/div><div class=\"clients-content kd-animated fadeInUp\" data-animation-delay=1000><img loading=\"lazy\" decoding=\"async\" width=\"181\" height=\"76\" src=\"https:\/\/lasercomputacion.com\/panama\/wp-content\/uploads\/2025\/03\/lOGO-vm-ware-22.jpg\" class=\"attachment-full\" alt=\"\" title=\"\" \/><\/div><div class=\"clients-content kd-animated fadeInUp\" data-animation-delay=1000><img loading=\"lazy\" decoding=\"async\" width=\"181\" height=\"76\" src=\"https:\/\/lasercomputacion.com\/panama\/wp-content\/uploads\/2023\/10\/aliado12.jpg\" class=\"attachment-full\" alt=\"\" title=\"\" \/><\/div><div class=\"clients-content kd-animated fadeInUp\" data-animation-delay=1000><img loading=\"lazy\" decoding=\"async\" width=\"181\" height=\"76\" src=\"https:\/\/lasercomputacion.com\/panama\/wp-content\/uploads\/2023\/10\/Microsoft-logo-web.jpg\" class=\"attachment-full\" alt=\"\" title=\"\" \/><\/div><div class=\"clients-content kd-animated fadeInUp\" data-animation-delay=1000><img loading=\"lazy\" decoding=\"async\" width=\"181\" height=\"76\" src=\"https:\/\/lasercomputacion.com\/panama\/wp-content\/uploads\/2023\/10\/logo-kaspersky.jpg\" class=\"attachment-full\" alt=\"\" title=\"\" \/><\/div><\/div><script>\r\n              jQuery(document).ready(function($){\r\n                if ($(\".slider.clients.kd-client-69f64cb841ce5\").length) {\r\n                  $(\".slider.clients.kd-client-69f64cb841ce5\").owlCarousel({\r\n                    stageClass: \"owl-wrapper\",\r\n                    stageOuterClass: \"owl-wrapper-outer\",\r\n                    loadedClass: \"owl-carousel\",\r\n                    responsiveClass:true,\r\n                    responsive:{\r\n                      0:{\r\n                          items:2,nav: true,\r\n                            navSpeed: 500,\r\n                            dots: false,},\r\n                      415:{\r\n                          items:3,nav: true,\r\n                            navSpeed: 500,\r\n                            dots: false,},\r\n                      960:{\r\n                          items:6,nav: true,\r\n                              navSpeed: 300,\r\n                              dots: false,}\r\n                    },loop: true,\r\n                  });\r\n                }\r\n              });\r\n            <\/script>[\/vc_column_inner][\/vc_row_inner][\/vc_column][\/vc_row][vc_row full_width=\u00bbstretch_row\u00bb content_placement=\u00bbmiddle\u00bb parallax=\u00bbcontent-moving\u00bb parallax_speed_bg=\u00bb1.4&#8243; kd_background_image_position=\u00bbvc_row-bg-position-top\u00bb kd_background_overlay=\u00bbtrue\u00bb css=\u00bb.vc_custom_1737406853545{padding-top: 170px !important;padding-bottom: 180px !important;background-image: url(https:\/\/lasercomputacion.com\/panama\/wp-content\/uploads\/2023\/10\/persona-trabajando-html-computadora-scaled.jpg?id=9856) !important;}\u00bb css_mobile=\u00bb.vc_custom_1737406853546{padding-top: 120px !important;padding-bottom: 120px !important;}\u00bb][vc_column][vc_row_inner kd_background_image_position=\u00bbvc_row-bg-position-top\u00bb][vc_column_inner css_mobile=\u00bb.vc_custom_1602758069696{padding-right: 0px !important;padding-left: 0px !important;}\u00bb]<header class=\"kd-section-title col-lg-12 text-center  subtitle-below-title kd-animated fadeIn   vc_custom_1741722638452\" data-animation-delay=200><h2 class=\"separator_off\" style=\"color: #ffffff;font-size: 42px;\">Los aplicativos de gesti\u00f3n empresarial, son inversiones estrat\u00e9gicas que permiten a las empresas optimizar sus procesos, mejorar la productividad y mantener una ventaja competitiva en el mercado.<\/h2><\/header><a   class=\"tt_button tt_primary_button btn_primary_color  button-center panel-trigger-btn icon_right  kd-animated zoomIn\" data-animation-delay=200><span class=\"prim_text\">Cont\u00e1ctanos<\/span><span class=\"fas fa-chevron-right iconita\" style=\"font-size:12px;\"><\/span><\/a>[\/vc_column_inner][\/vc_row_inner][\/vc_column][\/vc_row]<\/p>\n","protected":false},"excerpt":{"rendered":"<p>[vc_row kd_background_image_position=\u00bbvc_row-bg-position-top\u00bb css=\u00bb.vc_custom_1698246718707{padding-top: 60px !important;padding-bottom: 70px !important;}\u00bb css_tablet_portrait=\u00bb.vc_custom_1698246718708{padding-top: 45px !important;}\u00bb css_mobile=\u00bb.vc_custom_1698246718708{padding-top: 45px !important;}\u00bb][vc_column width=\u00bb1\/6&#8243;][\/vc_column][vc_column width=\u00bb2\/3&#8243;][\/vc_column][vc_column width=\u00bb1\/6&#8243;][\/vc_column][\/vc_row][vc_row full_width=\u00bbstretch_row\u00bb kd_background_image_position=\u00bbvc_row-bg-position-top\u00bb css=\u00bb.vc_custom_1698185430495{padding-bottom: 0px [&hellip;]<\/p>\n","protected":false},"author":1,"featured_media":9996,"parent":0,"menu_order":0,"comment_status":"closed","ping_status":"closed","template":"","meta":{"_joinchat":[],"footnotes":""},"class_list":["post-9853","page","type-page","status-publish","has-post-thumbnail","hentry"],"_links":{"self":[{"href":"https:\/\/lasercomputacion.com\/panama\/wp-json\/wp\/v2\/pages\/9853","targetHints":{"allow":["GET"]}}],"collection":[{"href":"https:\/\/lasercomputacion.com\/panama\/wp-json\/wp\/v2\/pages"}],"about":[{"href":"https:\/\/lasercomputacion.com\/panama\/wp-json\/wp\/v2\/types\/page"}],"author":[{"embeddable":true,"href":"https:\/\/lasercomputacion.com\/panama\/wp-json\/wp\/v2\/users\/1"}],"replies":[{"embeddable":true,"href":"https:\/\/lasercomputacion.com\/panama\/wp-json\/wp\/v2\/comments?post=9853"}],"version-history":[{"count":16,"href":"https:\/\/lasercomputacion.com\/panama\/wp-json\/wp\/v2\/pages\/9853\/revisions"}],"predecessor-version":[{"id":10562,"href":"https:\/\/lasercomputacion.com\/panama\/wp-json\/wp\/v2\/pages\/9853\/revisions\/10562"}],"wp:featuredmedia":[{"embeddable":true,"href":"https:\/\/lasercomputacion.com\/panama\/wp-json\/wp\/v2\/media\/9996"}],"wp:attachment":[{"href":"https:\/\/lasercomputacion.com\/panama\/wp-json\/wp\/v2\/media?parent=9853"}],"curies":[{"name":"wp","href":"https:\/\/api.w.org\/{rel}","templated":true}]}}