{"id":9840,"date":"2023-10-25T15:03:20","date_gmt":"2023-10-25T15:03:20","guid":{"rendered":"https:\/\/www.fenixdevshop.com\/laserc\/soluciones-de-alta-disponibilidad-copy\/"},"modified":"2025-03-11T19:53:03","modified_gmt":"2025-03-11T19:53:03","slug":"big-data-inteligencia-artificial-y-business-inteligence","status":"publish","type":"page","link":"https:\/\/lasercomputacion.com\/panama\/big-data-inteligencia-artificial-y-business-inteligence\/","title":{"rendered":"\u201cBig Data\u201d, IA (Inteligencia artificial), \u201cBusiness Inteligence\u201d"},"content":{"rendered":"<p>[vc_row kd_background_image_position=\u00bbvc_row-bg-position-top\u00bb css=\u00bb.vc_custom_1698246718707{padding-top: 60px !important;padding-bottom: 70px !important;}\u00bb css_tablet_portrait=\u00bb.vc_custom_1698246718708{padding-top: 45px !important;}\u00bb css_mobile=\u00bb.vc_custom_1698246718708{padding-top: 45px !important;}\u00bb][vc_column width=\u00bb1\/6&#8243;][\/vc_column][vc_column width=\u00bb2\/3&#8243;]<header class=\"kd-section-title col-lg-12 text-left  subtitle-below-title kd-animated fadeIn  \" data-animation-delay=200><p class=\"subtitle\" style=\"color: #000000;font-size:17px;\">Contamos con un amplio portafolio de productos, especialmente dise\u00f1ados para el almacenamiento, gesti\u00f3n y respaldo de grandes vol\u00famenes de datos.<\/p><\/header><header class=\"kd-section-title col-lg-12 text-left  subtitle-below-title kd-animated fadeIn  \" data-animation-delay=200><p class=\"subtitle\" style=\"color: #000000;font-size:17px;\">Actualmente, la recopilaci\u00f3n de grandes cantidades de datos y la b\u00fasqueda de tendencias en los mismos, permiten que las empresas se muevan mucho m\u00e1s r\u00e1pido y de manera eficiente, lo que demuestra que el an\u00e1lisis de \u201cBig Data\u201d, ayuda a las organizaciones a aprovecharlos y utilizarlos de manera \u00f3ptima, para identificar nuevas oportunidades.<\/p><\/header><header class=\"kd-section-title col-lg-12 text-left  subtitle-below-title kd-animated fadeIn  \" data-animation-delay=200><p class=\"subtitle\" style=\"color: #000000;font-size:17px;\">De esta manera, la toma de decisiones basada en datos, se est\u00e1 convirtiendo en una constante en el mundo digital. Sumado a lo anterior, observamos que la \u201cInteligencia Artificial (IA)\u201d, se va convirtiendo en algo cotidiano, por lo que, sin duda hay que reconocer ``el poder de los datos``, ya que, gracias al an\u00e1lisis de informaci\u00f3n, es posible identificar tendencias y patrones de comportamientos de las personas que interact\u00faan con los servicios o productos de las empresas.<\/p><\/header><header class=\"kd-section-title col-lg-12 text-left  subtitle-below-title kd-animated fadeIn  \" data-animation-delay=200><p class=\"subtitle\" style=\"color: #000000;font-size:17px;\">De esta forma, se hace indispensable que, las organizaciones integren a sus centros de datos, herramientas de \u201cBusiness Inteligent (BI)\u201d, las cuales faciliten y agilicen la toma de decisiones, de cara a la creaci\u00f3n de estrategias comerciales.<\/p><\/header>[\/vc_column][vc_column width=\u00bb1\/6&#8243;][\/vc_column][\/vc_row][vc_row full_width=\u00bbstretch_row\u00bb kd_background_image_position=\u00bbvc_row-bg-position-top\u00bb css=\u00bb.vc_custom_1698185430495{padding-bottom: 0px !important;}\u00bb][vc_column][vc_row_inner kd_background_image_position=\u00bbvc_row-bg-position-top\u00bb css=\u00bb.vc_custom_1599041255159{padding-bottom: 100px !important;}\u00bb][vc_column_inner]<div class=\"slider clients opacity-effect kd-client-69f63e292e38e black-navigation \"><div class=\"clients-content kd-animated fadeInUp\" ><img loading=\"lazy\" decoding=\"async\" width=\"181\" height=\"76\" src=\"https:\/\/lasercomputacion.com\/panama\/wp-content\/uploads\/2023\/10\/aliado1.jpg\" class=\"attachment-full\" alt=\"\" title=\"\" \/><\/div><div class=\"clients-content kd-animated fadeInUp\" data-animation-delay=200><img loading=\"lazy\" decoding=\"async\" width=\"181\" height=\"76\" src=\"https:\/\/lasercomputacion.com\/panama\/wp-content\/uploads\/2023\/10\/aliado2.jpg\" class=\"attachment-full\" alt=\"\" title=\"\" \/><\/div><div class=\"clients-content kd-animated fadeInUp\" data-animation-delay=400><img loading=\"lazy\" decoding=\"async\" width=\"181\" height=\"76\" src=\"https:\/\/lasercomputacion.com\/panama\/wp-content\/uploads\/2023\/10\/aliado3.jpg\" class=\"attachment-full\" alt=\"\" title=\"\" \/><\/div><div class=\"clients-content kd-animated fadeInUp\" data-animation-delay=600><img loading=\"lazy\" decoding=\"async\" width=\"181\" height=\"76\" src=\"https:\/\/lasercomputacion.com\/panama\/wp-content\/uploads\/2023\/10\/aliado4.jpg\" class=\"attachment-full\" alt=\"\" title=\"\" \/><\/div><div class=\"clients-content kd-animated fadeInUp\" data-animation-delay=800><img loading=\"lazy\" decoding=\"async\" width=\"181\" height=\"76\" src=\"https:\/\/lasercomputacion.com\/panama\/wp-content\/uploads\/2023\/10\/aliado5.jpg\" class=\"attachment-full\" alt=\"\" title=\"\" \/><\/div><div class=\"clients-content kd-animated fadeInUp\" data-animation-delay=1000><img loading=\"lazy\" decoding=\"async\" width=\"181\" height=\"76\" src=\"https:\/\/lasercomputacion.com\/panama\/wp-content\/uploads\/2023\/10\/aliado6.jpg\" class=\"attachment-full\" alt=\"\" title=\"\" \/><\/div><div class=\"clients-content kd-animated fadeInUp\" data-animation-delay=1000><img loading=\"lazy\" decoding=\"async\" width=\"181\" height=\"76\" src=\"https:\/\/lasercomputacion.com\/panama\/wp-content\/uploads\/2023\/10\/aliado7.jpg\" class=\"attachment-full\" alt=\"\" title=\"\" \/><\/div><div class=\"clients-content kd-animated fadeInUp\" data-animation-delay=1000><img loading=\"lazy\" decoding=\"async\" width=\"181\" height=\"76\" src=\"https:\/\/lasercomputacion.com\/panama\/wp-content\/uploads\/2025\/01\/freshworks-logo-web-05.jpg\" class=\"attachment-full\" alt=\"\" title=\"\" \/><\/div><div class=\"clients-content kd-animated fadeInUp\" data-animation-delay=1000><img loading=\"lazy\" decoding=\"async\" width=\"181\" height=\"76\" src=\"https:\/\/lasercomputacion.com\/panama\/wp-content\/uploads\/2023\/10\/aliado10.jpg\" class=\"attachment-full\" alt=\"\" title=\"\" \/><\/div><div class=\"clients-content kd-animated fadeInUp\" data-animation-delay=1000><img loading=\"lazy\" decoding=\"async\" width=\"181\" height=\"76\" src=\"https:\/\/lasercomputacion.com\/panama\/wp-content\/uploads\/2025\/03\/lOGO-vm-ware-22.jpg\" class=\"attachment-full\" alt=\"\" title=\"\" \/><\/div><div class=\"clients-content kd-animated fadeInUp\" data-animation-delay=1000><img loading=\"lazy\" decoding=\"async\" width=\"181\" height=\"76\" src=\"https:\/\/lasercomputacion.com\/panama\/wp-content\/uploads\/2023\/10\/aliado12.jpg\" class=\"attachment-full\" alt=\"\" title=\"\" \/><\/div><div class=\"clients-content kd-animated fadeInUp\" data-animation-delay=1000><img loading=\"lazy\" decoding=\"async\" width=\"181\" height=\"76\" src=\"https:\/\/lasercomputacion.com\/panama\/wp-content\/uploads\/2023\/10\/Microsoft-logo-web.jpg\" class=\"attachment-full\" alt=\"\" title=\"\" \/><\/div><div class=\"clients-content kd-animated fadeInUp\" data-animation-delay=1000><img loading=\"lazy\" decoding=\"async\" width=\"181\" height=\"76\" src=\"https:\/\/lasercomputacion.com\/panama\/wp-content\/uploads\/2023\/10\/logo-kaspersky.jpg\" class=\"attachment-full\" alt=\"\" title=\"\" \/><\/div><\/div><script>\r\n              jQuery(document).ready(function($){\r\n                if ($(\".slider.clients.kd-client-69f63e292e38e\").length) {\r\n                  $(\".slider.clients.kd-client-69f63e292e38e\").owlCarousel({\r\n                    stageClass: \"owl-wrapper\",\r\n                    stageOuterClass: \"owl-wrapper-outer\",\r\n                    loadedClass: \"owl-carousel\",\r\n                    responsiveClass:true,\r\n                    responsive:{\r\n                      0:{\r\n                          items:2,nav: true,\r\n                            navSpeed: 500,\r\n                            dots: false,},\r\n                      415:{\r\n                          items:3,nav: true,\r\n                            navSpeed: 500,\r\n                            dots: false,},\r\n                      960:{\r\n                          items:6,nav: true,\r\n                              navSpeed: 300,\r\n                              dots: false,}\r\n                    },loop: true,\r\n                  });\r\n                }\r\n              });\r\n            <\/script>[\/vc_column_inner][\/vc_row_inner][\/vc_column][\/vc_row][vc_row full_width=\u00bbstretch_row\u00bb content_placement=\u00bbmiddle\u00bb parallax=\u00bbcontent-moving\u00bb parallax_speed_bg=\u00bb1.4&#8243; kd_background_image_position=\u00bbvc_row-bg-position-top\u00bb kd_background_overlay=\u00bbtrue\u00bb css=\u00bb.vc_custom_1737406824801{padding-top: 170px !important;padding-bottom: 180px !important;background-image: url(https:\/\/lasercomputacion.com\/panama\/wp-content\/uploads\/2023\/10\/persona-que-usa-herramienta-ai-trabajo-scaled.jpg?id=9845) !important;}\u00bb css_mobile=\u00bb.vc_custom_1737406824802{padding-top: 120px !important;padding-bottom: 120px !important;}\u00bb][vc_column][vc_row_inner kd_background_image_position=\u00bbvc_row-bg-position-top\u00bb][vc_column_inner css_mobile=\u00bb.vc_custom_1602758069696{padding-right: 0px !important;padding-left: 0px !important;}\u00bb]<header class=\"kd-section-title col-lg-12 text-center  subtitle-below-title kd-animated fadeIn   vc_custom_1698246347816\" data-animation-delay=200><h2 class=\"separator_off\" style=\"color: #ffffff;font-size: 42px;\">La inteligencia tecnol\u00f3gica es el uso de la tecnolog\u00eda para mejorar la inteligencia humana<\/h2><h6 class=\"subtitle\" style=\"color: #ffffff;font-size:15px;\">- John McCarthy<\/h6><\/header><a   class=\"tt_button tt_primary_button btn_primary_color  button-center panel-trigger-btn icon_right  kd-animated zoomIn\" data-animation-delay=200><span class=\"prim_text\">Cont\u00e1ctanos<\/span><span class=\"fas fa-chevron-right iconita\" style=\"font-size:12px;\"><\/span><\/a>[\/vc_column_inner][\/vc_row_inner][\/vc_column][\/vc_row]<\/p>\n","protected":false},"excerpt":{"rendered":"<p>[vc_row kd_background_image_position=\u00bbvc_row-bg-position-top\u00bb css=\u00bb.vc_custom_1698246718707{padding-top: 60px !important;padding-bottom: 70px !important;}\u00bb css_tablet_portrait=\u00bb.vc_custom_1698246718708{padding-top: 45px !important;}\u00bb css_mobile=\u00bb.vc_custom_1698246718708{padding-top: 45px !important;}\u00bb][vc_column width=\u00bb1\/6&#8243;][\/vc_column][vc_column width=\u00bb2\/3&#8243;][\/vc_column][vc_column width=\u00bb1\/6&#8243;][\/vc_column][\/vc_row][vc_row full_width=\u00bbstretch_row\u00bb kd_background_image_position=\u00bbvc_row-bg-position-top\u00bb css=\u00bb.vc_custom_1698185430495{padding-bottom: 0px [&hellip;]<\/p>\n","protected":false},"author":1,"featured_media":9993,"parent":0,"menu_order":0,"comment_status":"closed","ping_status":"closed","template":"","meta":{"_joinchat":[],"footnotes":""},"class_list":["post-9840","page","type-page","status-publish","has-post-thumbnail","hentry"],"_links":{"self":[{"href":"https:\/\/lasercomputacion.com\/panama\/wp-json\/wp\/v2\/pages\/9840","targetHints":{"allow":["GET"]}}],"collection":[{"href":"https:\/\/lasercomputacion.com\/panama\/wp-json\/wp\/v2\/pages"}],"about":[{"href":"https:\/\/lasercomputacion.com\/panama\/wp-json\/wp\/v2\/types\/page"}],"author":[{"embeddable":true,"href":"https:\/\/lasercomputacion.com\/panama\/wp-json\/wp\/v2\/users\/1"}],"replies":[{"embeddable":true,"href":"https:\/\/lasercomputacion.com\/panama\/wp-json\/wp\/v2\/comments?post=9840"}],"version-history":[{"count":13,"href":"https:\/\/lasercomputacion.com\/panama\/wp-json\/wp\/v2\/pages\/9840\/revisions"}],"predecessor-version":[{"id":10557,"href":"https:\/\/lasercomputacion.com\/panama\/wp-json\/wp\/v2\/pages\/9840\/revisions\/10557"}],"wp:featuredmedia":[{"embeddable":true,"href":"https:\/\/lasercomputacion.com\/panama\/wp-json\/wp\/v2\/media\/9993"}],"wp:attachment":[{"href":"https:\/\/lasercomputacion.com\/panama\/wp-json\/wp\/v2\/media?parent=9840"}],"curies":[{"name":"wp","href":"https:\/\/api.w.org\/{rel}","templated":true}]}}