{"id":5720,"date":"2018-10-22T13:45:00","date_gmt":"2018-10-22T13:45:00","guid":{"rendered":"https:\/\/www.ekko-wp.com\/?page_id=5720"},"modified":"2025-03-11T20:08:48","modified_gmt":"2025-03-11T20:08:48","slug":"quienes-somos","status":"publish","type":"page","link":"https:\/\/lasercomputacion.com\/panama\/quienes-somos\/","title":{"rendered":"Qui\u00e9nes Somos"},"content":{"rendered":"<p>[vc_row kd_background_image_position=\u00bbvc_row-bg-position-top\u00bb css=\u00bb.vc_custom_1605637738902{padding-bottom: 100px !important;}\u00bb][vc_column][vc_row_inner content_placement=\u00bbmiddle\u00bb kd_background_image_position=\u00bbvc_row-bg-position-top\u00bb css=\u00bb.vc_custom_1698241683640{padding-top: 120px !important;padding-bottom: 100px !important;}\u00bb css_tablet_portrait=\u00bb.vc_custom_1698241683641{padding-top: 100px !important;}\u00bb css_mobile=\u00bb.vc_custom_1698241683641{padding-top: 100px !important;}\u00bb][vc_column_inner css=\u00bb.vc_custom_1606225048257{padding-right: 55px !important;}\u00bb offset=\u00bbvc_col-lg-offset-0 vc_col-lg-6 vc_col-md-offset-0 vc_col-sm-offset-0&#8243; css_tablet_landscape=\u00bb.vc_custom_1606225048258{padding-right: 0px !important;}\u00bb css_tablet_portrait=\u00bb.vc_custom_1606225048259{padding-right: 15px !important;padding-left: 15px !important;}\u00bb css_mobile=\u00bb.vc_custom_1606225048260{padding-right: 15px !important;padding-left: 15px !important;}\u00bb]<div class=\"kd-photo-group group-layout-left-right large-shadow enable-parallax\">\n                <div class=\"kd-group-image first-image-wrapper\"><div class=\"kd-group-image-animation kd-animated fadeInUp\" data-animation-delay=200><img loading=\"lazy\" decoding=\"async\" width=\"370\" height=\"420\" src=\"https:\/\/lasercomputacion.com\/panama\/wp-content\/uploads\/2023\/10\/img-home5.jpg\" class=\"attachment-full\" alt=\"\" title=\"\" \/><\/div><\/div>\n                <div class=\"kd-group-image second-image-wrapper\" style=\"bottom: 15%;\"><div class=\"kd-group-image-animation kd-animated fadeInDown\" data-animation-delay=200><img loading=\"lazy\" decoding=\"async\" width=\"370\" height=\"420\" src=\"https:\/\/lasercomputacion.com\/panama\/wp-content\/uploads\/2023\/10\/img-home3.jpg\" class=\"attachment-full\" alt=\"\" title=\"\" \/><\/div><\/div>\n            <\/div><div class=\"kd-shapes shape_dots with-parallax kd-animated zoomIn\" style=\"right: -8px;bottom: -80px;width: 340px;height: 173px;\" data-parallax-speed=\"-0.1\" data-animation-delay=400><\/div>[\/vc_column_inner][vc_column_inner css=\u00bb.vc_custom_1606225079476{padding-right: 20px !important;padding-left: 80px !important;}\u00bb offset=\u00bbvc_col-lg-6&#8243; css_tablet_landscape=\u00bb.vc_custom_1606225079477{padding-top: 80px !important;padding-right: 15px !important;padding-left: 15px !important;}\u00bb css_tablet_portrait=\u00bb.vc_custom_1606225079478{padding-top: 80px !important;padding-right: 15px !important;padding-left: 15px !important;}\u00bb css_mobile=\u00bb.vc_custom_1606225079478{padding-top: 50px !important;padding-right: 15px !important;padding-left: 15px !important;}\u00bb]<header class=\"kd-section-title col-lg-12 text-left  subtitle-below-title kd-animated fadeIn  \" data-animation-delay=200><h2 class=\"separator_off\" style=\"margin-bottom:30px;\">Nosotros<\/h2><p class=\"subtitle\" style=\"color: #000000;font-size:17px;\">Con m\u00e1s de 30 a\u00f1os en el mercado nacional, somos una Empresa dedicada a ofrecer soluciones integrales en el \u00e1rea tecnol\u00f3gica. Nuestra propuesta de valor empresarial incluye: \u201chardware\u201d, \u201csoftware\u201d, servicio, consultor\u00eda, mantenimiento, monitoreo de redes y soporte de misi\u00f3n cr\u00edtica, en centros de datos.<\/p><\/header><header class=\"kd-section-title col-lg-12 text-left  subtitle-below-title kd-animated fadeIn   vc_custom_1702396867966\" data-animation-delay=200><p class=\"subtitle\" style=\"color: #000000;font-size:17px;\">Nuestra vasta experiencia, alianzas estrat\u00e9gicas, certificaciones internacionales y un equipo de trabajo conformado por los m\u00e1s cotizados profesionales, expertos en materia de tecnolog\u00eda, nos permite brindar y garantizar a nuestros clientes, la ejecuci\u00f3n de grandes proyectos, con un impacto m\u00ednimo en sus operaciones regulares.<\/p><\/header><a  href=\"\/panama\/aliados-comerciales\/\"  target=\"_self\"  title=\"\"  class=\"tt_button tt_primary_button btn_primary_color  btn-align-left button-action-link icon_right  kd-animated zoomIn\" data-animation-delay=200><span class=\"prim_text\">Nuestros Aliados<\/span><span class=\"fas fa-chevron-right iconita\" style=\"font-size:12px;\"><\/span><\/a>[\/vc_column_inner][\/vc_row_inner][\/vc_column][\/vc_row][vc_row full_width=\u00bbstretch_row_content\u00bb content_placement=\u00bbmiddle\u00bb kd_background_image_position=\u00bbvc_row-bg-position-top\u00bb css=\u00bb.vc_custom_1698244329539{margin-bottom: 100px !important;}\u00bb][vc_column css=\u00bb.vc_custom_1599051130307{padding-right: 0px !important;padding-left: 0px !important;}\u00bb][vc_row_inner full_width=\u00bbinner_row_contained\u00bb content_placement=\u00bbmiddle\u00bb kd_background_image_position=\u00bbvc_row-bg-position-top\u00bb kd_background_overlay=\u00bbtrue\u00bb css=\u00bb.vc_custom_1698244339966{margin-right: 60px !important;margin-left: 60px !important;padding-top: 120px !important;padding-bottom: 100px !important;background-color: #e0e0e0 !important;border-radius: 50px !important;}\u00bb css_tablet_landscape=\u00bb.vc_custom_1698244339967{margin-right: 0px !important;margin-left: 0px !important;border-radius: 0px !important;}\u00bb css_tablet_portrait=\u00bb.vc_custom_1698244339967{margin-right: 0px !important;margin-left: 0px !important;border-radius: 0px !important;}\u00bb css_mobile=\u00bb.vc_custom_1698244339968{margin-right: 0px !important;margin-left: 0px !important;padding-top: 100px !important;border-radius: 0px !important;}\u00bb][vc_column_inner css=\u00bb.vc_custom_1599486332739{padding-left: 0px !important;}\u00bb offset=\u00bbvc_col-lg-offset-0 vc_col-lg-6 vc_col-md-offset-0 vc_col-sm-offset-0&#8243; css_tablet_landscape=\u00bb.vc_custom_1599486332740{padding-top: 0px !important;padding-right: 30px !important;padding-left: 30px !important;}\u00bb css_tablet_portrait=\u00bb.vc_custom_1599486332741{padding-top: 0px !important;padding-right: 15px !important;padding-left: 15px !important;}\u00bb css_mobile=\u00bb.vc_custom_1599486332742{padding-top: 0px !important;padding-right: 15px !important;padding-left: 15px !important;}\u00bb]<div class=\"kd-photo-group group-layout-left-right large-shadow enable-parallax\">\n                <div class=\"kd-group-image first-image-wrapper\"><div class=\"kd-group-image-animation kd-animated fadeInUp\" data-animation-delay=200><img loading=\"lazy\" decoding=\"async\" width=\"370\" height=\"420\" src=\"https:\/\/lasercomputacion.com\/panama\/wp-content\/uploads\/2023\/10\/img-home6.jpg\" class=\"attachment-full\" alt=\"\" title=\"\" \/><\/div><\/div>\n                <div class=\"kd-group-image second-image-wrapper\" style=\"bottom: 15%;\"><div class=\"kd-group-image-animation kd-animated fadeInDown\" data-animation-delay=200><img loading=\"lazy\" decoding=\"async\" width=\"370\" height=\"420\" src=\"https:\/\/lasercomputacion.com\/panama\/wp-content\/uploads\/2023\/10\/img-home4.jpg\" class=\"attachment-full\" alt=\"\" title=\"\" \/><\/div><\/div>\n            <\/div><div class=\"kd-shapes shape_dots with-parallax kd-animated zoomIn\" style=\"right: 40px;bottom: -30px;width: 340px;height: 173px;\" data-parallax-speed=\"-0.05\" data-animation-delay=400><\/div>[\/vc_column_inner][vc_column_inner css=\u00bb.vc_custom_1606227531940{padding-top: 45px !important;padding-right: 20px !important;padding-left: 115px !important;}\u00bb offset=\u00bbvc_col-lg-6&#8243; css_tablet_landscape=\u00bb.vc_custom_1606227531941{margin-top: 50px !important;padding-right: 15px !important;}\u00bb css_tablet_portrait=\u00bb.vc_custom_1606227531943{margin-top: 50px !important;padding-right: 15px !important;padding-left: 15px !important;}\u00bb css_mobile=\u00bb.vc_custom_1606227531944{margin-top: 50px !important;padding-right: 15px !important;padding-left: 15px !important;}\u00bb]<header class=\"kd-section-title col-lg-12 text-left  subtitle-below-title kd-animated fadeIn   vc_custom_1706888070003\" data-animation-delay=200><h2 class=\"separator_off\" style=\"margin-bottom:20px;\">Misi\u00f3n<\/h2><p class=\"subtitle\" style=\"color: #000000;font-size:17px;\">Proporcionar soluciones de automatizaci\u00f3n e inform\u00e1tica a la medida \u201ctaylor made\u201d, de las necesidades, requerimientos y exigencias de nuestros clientes, que permitan incrementar su eficiencia, competitividad y productividad.<\/p><\/header><header class=\"kd-section-title col-lg-12 text-left  subtitle-below-title kd-animated fadeIn   vc_custom_1702396974390\" data-animation-delay=200><h2 class=\"separator_off\" style=\"margin-bottom:20px;\">Visi\u00f3n<\/h2><p class=\"subtitle\" style=\"color: #000000;font-size:17px;\">Ser una corporaci\u00f3n de reconocido prestigio nacional, por la calidad de nuestros productos y servicios tecnol\u00f3gicos, el total enfoque en la satisfacci\u00f3n del cliente, siempre apoyada en nuestro extraordinario talento humano y cumpliendo la normativa del marco legal vigente.<\/p><\/header>[\/vc_column_inner][\/vc_row_inner][\/vc_column][\/vc_row][vc_row full_width=\u00bbstretch_row\u00bb kd_background_image_position=\u00bbvc_row-bg-position-top\u00bb css=\u00bb.vc_custom_1698185430495{padding-bottom: 0px !important;}\u00bb][vc_column][vc_row_inner kd_background_image_position=\u00bbvc_row-bg-position-top\u00bb css=\u00bb.vc_custom_1599041255159{padding-bottom: 100px !important;}\u00bb][vc_column_inner]<div class=\"slider clients opacity-effect kd-client-69f857ea92262 black-navigation \"><div class=\"clients-content kd-animated fadeInUp\" ><img loading=\"lazy\" decoding=\"async\" width=\"181\" height=\"76\" src=\"https:\/\/lasercomputacion.com\/panama\/wp-content\/uploads\/2023\/10\/aliado1.jpg\" class=\"attachment-full\" alt=\"\" title=\"\" \/><\/div><div class=\"clients-content kd-animated fadeInUp\" data-animation-delay=200><img loading=\"lazy\" decoding=\"async\" width=\"181\" height=\"76\" src=\"https:\/\/lasercomputacion.com\/panama\/wp-content\/uploads\/2023\/10\/aliado2.jpg\" class=\"attachment-full\" alt=\"\" title=\"\" \/><\/div><div class=\"clients-content kd-animated fadeInUp\" data-animation-delay=400><img loading=\"lazy\" decoding=\"async\" width=\"181\" height=\"76\" src=\"https:\/\/lasercomputacion.com\/panama\/wp-content\/uploads\/2023\/10\/aliado3.jpg\" class=\"attachment-full\" alt=\"\" title=\"\" \/><\/div><div class=\"clients-content kd-animated fadeInUp\" data-animation-delay=600><img loading=\"lazy\" decoding=\"async\" width=\"181\" height=\"76\" src=\"https:\/\/lasercomputacion.com\/panama\/wp-content\/uploads\/2023\/10\/aliado4.jpg\" class=\"attachment-full\" alt=\"\" title=\"\" \/><\/div><div class=\"clients-content kd-animated fadeInUp\" data-animation-delay=800><img loading=\"lazy\" decoding=\"async\" width=\"181\" height=\"76\" src=\"https:\/\/lasercomputacion.com\/panama\/wp-content\/uploads\/2023\/10\/aliado5.jpg\" class=\"attachment-full\" alt=\"\" title=\"\" \/><\/div><div class=\"clients-content kd-animated fadeInUp\" data-animation-delay=1000><img loading=\"lazy\" decoding=\"async\" width=\"181\" height=\"76\" src=\"https:\/\/lasercomputacion.com\/panama\/wp-content\/uploads\/2023\/10\/aliado6.jpg\" class=\"attachment-full\" alt=\"\" title=\"\" \/><\/div><div class=\"clients-content kd-animated fadeInUp\" data-animation-delay=1000><img loading=\"lazy\" decoding=\"async\" width=\"181\" height=\"76\" src=\"https:\/\/lasercomputacion.com\/panama\/wp-content\/uploads\/2023\/10\/aliado7.jpg\" class=\"attachment-full\" alt=\"\" title=\"\" \/><\/div><div class=\"clients-content kd-animated fadeInUp\" data-animation-delay=1000><img loading=\"lazy\" decoding=\"async\" width=\"181\" height=\"76\" src=\"https:\/\/lasercomputacion.com\/panama\/wp-content\/uploads\/2025\/01\/freshworks-logo-web-05.jpg\" class=\"attachment-full\" alt=\"\" title=\"\" \/><\/div><div class=\"clients-content kd-animated fadeInUp\" data-animation-delay=1000><img loading=\"lazy\" decoding=\"async\" width=\"181\" height=\"76\" src=\"https:\/\/lasercomputacion.com\/panama\/wp-content\/uploads\/2023\/10\/aliado10.jpg\" class=\"attachment-full\" alt=\"\" title=\"\" \/><\/div><div class=\"clients-content kd-animated fadeInUp\" data-animation-delay=1000><img loading=\"lazy\" decoding=\"async\" width=\"181\" height=\"76\" src=\"https:\/\/lasercomputacion.com\/panama\/wp-content\/uploads\/2025\/03\/lOGO-vm-ware-22.jpg\" class=\"attachment-full\" alt=\"\" title=\"\" \/><\/div><div class=\"clients-content kd-animated fadeInUp\" data-animation-delay=1000><img loading=\"lazy\" decoding=\"async\" width=\"181\" height=\"76\" src=\"https:\/\/lasercomputacion.com\/panama\/wp-content\/uploads\/2023\/10\/aliado12.jpg\" class=\"attachment-full\" alt=\"\" title=\"\" \/><\/div><div class=\"clients-content kd-animated fadeInUp\" data-animation-delay=1000><img loading=\"lazy\" decoding=\"async\" width=\"181\" height=\"76\" src=\"https:\/\/lasercomputacion.com\/panama\/wp-content\/uploads\/2023\/10\/Microsoft-logo-web.jpg\" class=\"attachment-full\" alt=\"\" title=\"\" \/><\/div><div class=\"clients-content kd-animated fadeInUp\" data-animation-delay=1000><img loading=\"lazy\" decoding=\"async\" width=\"181\" height=\"76\" src=\"https:\/\/lasercomputacion.com\/panama\/wp-content\/uploads\/2023\/10\/logo-kaspersky.jpg\" class=\"attachment-full\" alt=\"\" title=\"\" \/><\/div><\/div><script>\r\n              jQuery(document).ready(function($){\r\n                if ($(\".slider.clients.kd-client-69f857ea92262\").length) {\r\n                  $(\".slider.clients.kd-client-69f857ea92262\").owlCarousel({\r\n                    stageClass: \"owl-wrapper\",\r\n                    stageOuterClass: \"owl-wrapper-outer\",\r\n                    loadedClass: \"owl-carousel\",\r\n                    responsiveClass:true,\r\n                    responsive:{\r\n                      0:{\r\n                          items:2,nav: true,\r\n                            navSpeed: 500,\r\n                            dots: false,},\r\n                      415:{\r\n                          items:3,nav: true,\r\n                            navSpeed: 500,\r\n                            dots: false,},\r\n                      960:{\r\n                          items:6,nav: true,\r\n                              navSpeed: 300,\r\n                              dots: false,}\r\n                    },loop: true,\r\n                  });\r\n                }\r\n              });\r\n            <\/script>[\/vc_column_inner][\/vc_row_inner][\/vc_column][\/vc_row][vc_row full_width=\u00bbstretch_row\u00bb content_placement=\u00bbmiddle\u00bb parallax=\u00bbcontent-moving\u00bb parallax_speed_bg=\u00bb1.4&#8243; kd_background_image_position=\u00bbvc_row-bg-position-top\u00bb kd_background_overlay=\u00bbtrue\u00bb css=\u00bb.vc_custom_1732572295951{padding-top: 170px !important;padding-bottom: 180px !important;background-image: url(https:\/\/lasercomputacion.com\/wp-content\/uploads\/2023\/10\/rastros-luz-sobre-edificios-scaled.jpg?id=9850) !important;}\u00bb css_mobile=\u00bb.vc_custom_1732572295951{padding-top: 120px !important;padding-bottom: 120px !important;}\u00bb][vc_column][vc_row_inner kd_background_image_position=\u00bbvc_row-bg-position-top\u00bb][vc_column_inner css_mobile=\u00bb.vc_custom_1602758069696{padding-right: 0px !important;padding-left: 0px !important;}\u00bb]<header class=\"kd-section-title col-lg-12 text-center  subtitle-above-title kd-animated fadeIn   vc_custom_1702397120246\" data-animation-delay=200><h6 class=\"subtitle\" style=\"color: #ffffff;font-size:15px;\">Nuestro objetivo final, es llegar a ser un asociado externo, a tiempo completo, que aporte valor en la gesti\u00f3n de su negocio.<\/h6><h2 class=\"separator_off\" style=\"color: #ffffff;font-size: 42px;\">Soluciones de Tecnolog\u00eda HPE y aplicaciones, para un ambiente de trabajo productivo.<\/h2><\/header><a   class=\"tt_button tt_primary_button btn_primary_color  button-center panel-trigger-btn icon_right  kd-animated zoomIn\" data-animation-delay=200><span class=\"prim_text\">Cont\u00e1ctanos<\/span><span class=\"fas fa-chevron-right iconita\" style=\"font-size:12px;\"><\/span><\/a>[\/vc_column_inner][\/vc_row_inner][\/vc_column][\/vc_row]<\/p>\n","protected":false},"excerpt":{"rendered":"<p>[vc_row kd_background_image_position=\u00bbvc_row-bg-position-top\u00bb css=\u00bb.vc_custom_1605637738902{padding-bottom: 100px !important;}\u00bb][vc_column][vc_row_inner content_placement=\u00bbmiddle\u00bb kd_background_image_position=\u00bbvc_row-bg-position-top\u00bb css=\u00bb.vc_custom_1698241683640{padding-top: 120px !important;padding-bottom: 100px !important;}\u00bb css_tablet_portrait=\u00bb.vc_custom_1698241683641{padding-top: 100px !important;}\u00bb css_mobile=\u00bb.vc_custom_1698241683641{padding-top: 100px !important;}\u00bb][vc_column_inner css=\u00bb.vc_custom_1606225048257{padding-right: 55px [&hellip;]<\/p>\n","protected":false},"author":1,"featured_media":9979,"parent":0,"menu_order":0,"comment_status":"closed","ping_status":"closed","template":"","meta":{"_joinchat":[],"footnotes":""},"class_list":["post-5720","page","type-page","status-publish","has-post-thumbnail","hentry"],"_links":{"self":[{"href":"https:\/\/lasercomputacion.com\/panama\/wp-json\/wp\/v2\/pages\/5720","targetHints":{"allow":["GET"]}}],"collection":[{"href":"https:\/\/lasercomputacion.com\/panama\/wp-json\/wp\/v2\/pages"}],"about":[{"href":"https:\/\/lasercomputacion.com\/panama\/wp-json\/wp\/v2\/types\/page"}],"author":[{"embeddable":true,"href":"https:\/\/lasercomputacion.com\/panama\/wp-json\/wp\/v2\/users\/1"}],"replies":[{"embeddable":true,"href":"https:\/\/lasercomputacion.com\/panama\/wp-json\/wp\/v2\/comments?post=5720"}],"version-history":[{"count":40,"href":"https:\/\/lasercomputacion.com\/panama\/wp-json\/wp\/v2\/pages\/5720\/revisions"}],"predecessor-version":[{"id":10563,"href":"https:\/\/lasercomputacion.com\/panama\/wp-json\/wp\/v2\/pages\/5720\/revisions\/10563"}],"wp:featuredmedia":[{"embeddable":true,"href":"https:\/\/lasercomputacion.com\/panama\/wp-json\/wp\/v2\/media\/9979"}],"wp:attachment":[{"href":"https:\/\/lasercomputacion.com\/panama\/wp-json\/wp\/v2\/media?parent=5720"}],"curies":[{"name":"wp","href":"https:\/\/api.w.org\/{rel}","templated":true}]}}