{"id":10393,"date":"2025-01-20T20:40:00","date_gmt":"2025-01-20T20:40:00","guid":{"rendered":"https:\/\/lasercomputacion.com\/panama\/quienes-somos-copy\/"},"modified":"2025-01-22T19:37:19","modified_gmt":"2025-01-22T19:37:19","slug":"totvs","status":"publish","type":"page","link":"https:\/\/lasercomputacion.com\/panama\/totvs\/","title":{"rendered":"TOTVS"},"content":{"rendered":"<p>[vc_row kd_background_image_position=\u00bbvc_row-bg-position-top\u00bb css=\u00bb.vc_custom_1737469571398{padding-bottom: 60px !important;}\u00bb][vc_column css=\u00bb.vc_custom_1737469285977{padding-top: 50px !important;}\u00bb]<header class=\"kd-section-title col-lg-12 text-center  subtitle-below-title kd-animated fadeIn  \" data-animation-delay=200><h2 class=\"separator_off\" style=\"margin-bottom:30px;\">\u00bfQui\u00e9n es TOTVS?<\/h2><p class=\"subtitle\" style=\"color: #000000;font-size:17px;\">TOTVS es una empresa brasilera de software, servicios y tecnolog\u00eda, l\u00edder en Am\u00e9rica Latina en desarrollo de sistemas de gesti\u00f3n integrada.<\/p><\/header>[\/vc_column][\/vc_row][vc_row kd_background_image_position=\u00bbvc_row-bg-position-top\u00bb css=\u00bb.vc_custom_1737469837623{padding-bottom: 75px !important;}\u00bb][vc_column width=\u00bb1\/4&#8243;]<div class=\"key-icon-box icon-default icon-top cont-center ib-no-effect     icon-no-background icon-no-border\" style=\"background-color: transparent;\" ><div class=\"ib-simple-icon-wrapper\" style=\"margin-bottom:20px;\"><i class=\"iconsmind-Target iconsmind-Seo-Icons\" style=\"font-size: 150px;font-weight: 400;\"><\/i> <\/div><p style=\"color:#000000;font-size: 16;\">32% de participaci\u00f3n en el mercado de Am\u00e9rica Latina y 50% en Brasil<\/p><\/div>[\/vc_column][vc_column width=\u00bb1\/4&#8243;]<div class=\"key-icon-box icon-default icon-top cont-center ib-no-effect     icon-no-background icon-no-border\" style=\"background-color: transparent;\" ><div class=\"ib-simple-icon-wrapper\" style=\"margin-bottom:20px;\"><i class=\"iconsmind-Handshake iconsmind-Business-Finance\" style=\"font-size: 150px;font-weight: 400;\"><\/i> <\/div><p style=\"color:#000000;font-size: 16;\">+De 70 mil clientes en 12 sectores desde micro y peque\u00f1as empresas hasta grandes empresas<\/p><\/div>[\/vc_column][vc_column width=\u00bb1\/4&#8243;]<div class=\"key-icon-box icon-default icon-top cont-center ib-no-effect     icon-no-background icon-no-border\" style=\"background-color: transparent;\" ><div class=\"ib-simple-icon-wrapper\" style=\"margin-bottom:20px;\"><i class=\"iconsmind-Magnifi-Glass iconsmind-User-Interface\" style=\"font-size: 150px;font-weight: 400;\"><\/i> <\/div><p style=\"color:#000000;font-size: 16;\">USD$ 300 M en investigaci\u00f3n y desarrollo invertido en los \u00faltimos 5 a\u00f1os<\/p><\/div>[\/vc_column][vc_column width=\u00bb1\/4&#8243;]<div class=\"key-icon-box icon-default icon-top cont-center ib-no-effect     icon-no-background icon-no-border\" style=\"background-color: transparent;\" ><div class=\"ib-simple-icon-wrapper\" ><div class=\"tt-iconbox-customimg\"><img loading=\"lazy\" decoding=\"async\" width=\"170\" height=\"170\" src=\"https:\/\/lasercomputacion.com\/panama\/wp-content\/uploads\/2025\/01\/Banners-Laser_computacion-ICONO-ia3.png\" class=\"attachment-full\" alt=\"\" title=\"\" \/><\/div><\/div><p style=\"color:#000000;font-size: 16;\">Presencia en m\u00e1s de 40 pa\u00edses con sucursales y centros de desarrollo<\/p><\/div>[\/vc_column][\/vc_row][vc_row full_width=\u00bbstretch_row\u00bb content_placement=\u00bbmiddle\u00bb parallax=\u00bbcontent-moving\u00bb parallax_speed_bg=\u00bb1.4&#8243; kd_background_image_position=\u00bbvc_row-bg-position-top\u00bb kd_background_overlay=\u00bbtrue\u00bb css=\u00bb.vc_custom_1737482590246{padding-top: 90px !important;padding-bottom: 90px !important;background-image: url(https:\/\/lasercomputacion.com\/panama\/wp-content\/uploads\/2025\/01\/Banners-Laser_computacion-paralax-totvs.jpg?id=10469) !important;}\u00bb css_mobile=\u00bb.vc_custom_1737482590247{padding-top: 120px !important;padding-bottom: 120px !important;}\u00bb][vc_column][vc_row_inner kd_background_image_position=\u00bbvc_row-bg-position-top\u00bb][vc_column_inner css_mobile=\u00bb.vc_custom_1602758069696{padding-right: 0px !important;padding-left: 0px !important;}\u00bb]<header class=\"kd-section-title col-lg-12 text-center  subtitle-above-title kd-animated fadeIn   vc_custom_1737483146733\" data-animation-delay=200><h6 class=\"subtitle\" style=\"color: #ffffff;font-size:15px;\">\u00bfQuieres saber m\u00e1s?<\/h6><h2 class=\"separator_off\" style=\"color: #ffffff;font-size: 42px;\">Somos representantes exclusivos para Panam\u00e1 de TOTVS, la casa de software de gesti\u00f3n m\u00e1s grande de latinoam\u00e9rica.<\/h2><\/header><a  href=\"https:\/\/es.totvs.com\/\"  target=\"_blank\"  title=\"\"  class=\"tt_button tt_primary_button btn_primary_color  button-center button-action-link icon_right  kd-animated zoomIn\" data-animation-delay=200><span class=\"prim_text\">Visitar web TOTVS<\/span><span class=\"fas fa-chevron-right iconita\" style=\"font-size:12px;\"><\/span><\/a>[\/vc_column_inner][\/vc_row_inner][\/vc_column][\/vc_row][vc_row kd_background_image_position=\u00bbvc_row-bg-position-top\u00bb css=\u00bb.vc_custom_1737469571398{padding-bottom: 60px !important;}\u00bb][vc_column css=\u00bb.vc_custom_1737469285977{padding-top: 50px !important;}\u00bb]<header class=\"kd-section-title col-lg-12 text-center  subtitle-below-title kd-animated fadeIn  \" data-animation-delay=200><h2 class=\"separator_off\" style=\"margin-bottom:30px;\">Soluciones TOTVS para el mercado paname\u00f1o<\/h2><p class=\"subtitle\" style=\"color: #000000;font-size:17px;\">TOTVS de la mano de su canal autorizado LASER COMPUTACI\u00d3N trae su portafolio de soluciones de gesti\u00f3n a Panam\u00e1.<\/p><\/header>[\/vc_column][\/vc_row][vc_row kd_background_image_position=\u00bbvc_row-bg-position-top\u00bb][vc_column][vc_column_text]<\/p>\n<p>[\/vc_column_text][\/vc_column][\/vc_row][vc_row full_width=\u00bbstretch_row\u00bb kd_background_image_position=\u00bbvc_row-bg-position-top\u00bb css=\u00bb.vc_custom_1698185430495{padding-bottom: 0px !important;}\u00bb][vc_column][vc_row_inner kd_background_image_position=\u00bbvc_row-bg-position-top\u00bb css=\u00bb.vc_custom_1599041255159{padding-bottom: 100px !important;}\u00bb][vc_column_inner]<div class=\"slider clients no-effect kd-client-69f63ed73ef9e  \"><div class=\"clients-content kd-animated fadeInUp\" ><img loading=\"lazy\" decoding=\"async\" width=\"170\" height=\"170\" src=\"https:\/\/lasercomputacion.com\/panama\/wp-content\/uploads\/2025\/01\/icons-laser-computacion-17.jpg\" class=\"attachment-full\" alt=\"\" title=\"\" \/><\/div><div class=\"clients-content kd-animated fadeInUp\" data-animation-delay=200><img loading=\"lazy\" decoding=\"async\" width=\"170\" height=\"170\" src=\"https:\/\/lasercomputacion.com\/panama\/wp-content\/uploads\/2025\/01\/icons-laser-computacion-16.jpg\" class=\"attachment-full\" alt=\"\" title=\"\" \/><\/div><div class=\"clients-content kd-animated fadeInUp\" data-animation-delay=400><img loading=\"lazy\" decoding=\"async\" width=\"170\" height=\"170\" src=\"https:\/\/lasercomputacion.com\/panama\/wp-content\/uploads\/2025\/01\/icons-laser-computacion-15.jpg\" class=\"attachment-full\" alt=\"\" title=\"\" \/><\/div><div class=\"clients-content kd-animated fadeInUp\" data-animation-delay=600><img loading=\"lazy\" decoding=\"async\" width=\"170\" height=\"170\" src=\"https:\/\/lasercomputacion.com\/panama\/wp-content\/uploads\/2025\/01\/icons-laser-computacion-11.jpg\" class=\"attachment-full\" alt=\"\" title=\"\" \/><\/div><div class=\"clients-content kd-animated fadeInUp\" data-animation-delay=800><img loading=\"lazy\" decoding=\"async\" width=\"170\" height=\"170\" src=\"https:\/\/lasercomputacion.com\/panama\/wp-content\/uploads\/2025\/01\/icons-laser-computacion-12.jpg\" class=\"attachment-full\" alt=\"\" title=\"\" \/><\/div><div class=\"clients-content kd-animated fadeInUp\" data-animation-delay=1000><img loading=\"lazy\" decoding=\"async\" width=\"170\" height=\"170\" src=\"https:\/\/lasercomputacion.com\/panama\/wp-content\/uploads\/2025\/01\/icons-laser-computacion-14.jpg\" class=\"attachment-full\" alt=\"\" title=\"\" \/><\/div><div class=\"clients-content kd-animated fadeInUp\" data-animation-delay=1000><img loading=\"lazy\" decoding=\"async\" width=\"170\" height=\"170\" src=\"https:\/\/lasercomputacion.com\/panama\/wp-content\/uploads\/2025\/01\/icons-laser-computacion-18.jpg\" class=\"attachment-full\" alt=\"\" title=\"\" \/><\/div><\/div><script>\r\n              jQuery(document).ready(function($){\r\n                if ($(\".slider.clients.kd-client-69f63ed73ef9e\").length) {\r\n                  $(\".slider.clients.kd-client-69f63ed73ef9e\").owlCarousel({\r\n                    stageClass: \"owl-wrapper\",\r\n                    stageOuterClass: \"owl-wrapper-outer\",\r\n                    loadedClass: \"owl-carousel\",\r\n                    responsiveClass:true,\r\n                    responsive:{\r\n                      0:{\r\n                          items:2,dots: false,},\r\n                      415:{\r\n                          items:3,dots: false,},\r\n                      960:{\r\n                          items:8,dots: false,}\r\n                    },\r\n                  });\r\n                }\r\n              });\r\n            <\/script>[\/vc_column_inner][\/vc_row_inner][\/vc_column][\/vc_row][vc_row kd_background_image_position=\u00bbvc_row-bg-position-top\u00bb css=\u00bb.vc_custom_1737471061225{padding-bottom: 60px !important;}\u00bb][vc_column]<div class=\"features-tabs kd-tabswrapper-9114669f63ed74cc8f tabs-image-right tab-img-contained\" >\r\n\t\t\t\t<div id=\"kd-extab-4974169f63ed74d004\">\r\n\t\t\t\t<div class=\"tab-image-container\"><img loading=\"lazy\" decoding=\"async\" width=\"770\" height=\"660\" src=\"https:\/\/lasercomputacion.com\/panama\/wp-content\/uploads\/2025\/01\/Banners-Laser_computacion-totvs-servicios2.jpg\" class=\"attachment-full\" alt=\"\" title=\"\" srcset=\"https:\/\/lasercomputacion.com\/panama\/wp-content\/uploads\/2025\/01\/Banners-Laser_computacion-totvs-servicios2.jpg 770w, https:\/\/lasercomputacion.com\/panama\/wp-content\/uploads\/2025\/01\/Banners-Laser_computacion-totvs-servicios2-768x658.jpg 768w\" sizes=\"auto, (max-width: 770px) 100vw, 770px\" \/><\/div>\r\n\t\t\t\t<\/div>\r\n\t\t\t\t<li class=\"tab-control-item\">\r\n\t\t\t\t\t<a href=\"#kd-extab-4974169f63ed74d004\">\r\n\t\t\t\t\t\t<div class=\"tab-text-container\">\r\n\t\t\t\t\t\t\t<h5 class=\"tab-title\"> Aplicativos<\/h5><p class=\"tab-content\"><\/p>\n<p id=\"cBPWU27smcrmnJIy\"><strong><span id=\"ZxmUTV1SaVNfsLBD\">SOFTWARE ERP<\/span><\/strong><\/p>\n<p id=\"GUlIKswSKCgo6Amu\"><span id=\"mNjIqJitqMZhoQm1\">Un ERP a medida \u200bde tu empresa. \u200bCrece con tu \u200bnegocio gracias a \u200bsu flexibilidad y \u200bcapacidad de \u200badaptarse a tus \u200bnecesidades \u200bcambiantes.<\/span><\/p>\n<p>&nbsp;<\/p>\n<p id=\"wI4qjVAWoM1m8xrb\"><strong><span id=\"wxw2SMKInpwBWrWz\">FLUIG BPM<\/span><\/strong><\/p>\n<p id=\"zyfET0B47Re7vKjH\"><span id=\"nXhJPmT2iBm2eAJx\">Una soluci\u00f3n segura \u200by eficiente para \u200bautomatizar tus \u200bprocesos cr\u00edticos.<\/span><\/p>\n<p><\/p><\/div>\r\n\t\t\t\t\t<\/a>\r\n\t\t\t\t<\/li><div id=\"kd-extab-1542369f63ed74d2fe\">\r\n\t\t\t\t<div class=\"tab-image-container\"><img loading=\"lazy\" decoding=\"async\" width=\"770\" height=\"660\" src=\"https:\/\/lasercomputacion.com\/panama\/wp-content\/uploads\/2025\/01\/Banners-Laser_computacion-totvs-aplicativos2.jpg\" class=\"attachment-full\" alt=\"\" title=\"\" srcset=\"https:\/\/lasercomputacion.com\/panama\/wp-content\/uploads\/2025\/01\/Banners-Laser_computacion-totvs-aplicativos2.jpg 770w, https:\/\/lasercomputacion.com\/panama\/wp-content\/uploads\/2025\/01\/Banners-Laser_computacion-totvs-aplicativos2-768x658.jpg 768w\" sizes=\"auto, (max-width: 770px) 100vw, 770px\" \/><\/div>\r\n\t\t\t\t<\/div>\r\n\t\t\t\t<li class=\"tab-control-item\">\r\n\t\t\t\t\t<a href=\"#kd-extab-1542369f63ed74d2fe\">\r\n\t\t\t\t\t\t<div class=\"tab-text-container\">\r\n\t\t\t\t\t\t\t<h5 class=\"tab-title\"> Servicios<\/h5><p class=\"tab-content\"><\/p>\n<p id=\"LP6MVe1wBahdogQ3\"><strong><span id=\"PAzvi1ueqH6sfipT\">CONSULTOR\u00cdA<\/span><\/strong><\/p>\n<p id=\"rtkvYpkqyyj6BTG9\"><span id=\"IeHomZFqUkRBq4Ze\">Te ayudamos a sacar \u200bel m\u00e1ximo provecho \u200bde tu inversi\u00f3n y a \u200balcanzar tus objetivos.<\/span><\/p>\n<p>&nbsp;<\/p>\n<p id=\"top2C3NpGi5ixkVH\"><strong><span id=\"fxacJU62j2ScYGUe\">IMPLEMENTACI\u00d3N<\/span><\/strong><\/p>\n<p id=\"cHm1bkywDFJvJD5Y\"><span id=\"ya1nXqjPjRwjkZdv\">Te acompa\u00f1amos en \u200btodo el proceso para \u200bque obtengas los \u200bmejores resultados.<\/span><\/p>\n<p>&nbsp;<\/p>\n<p id=\"uHkpXOGtCQeUusHu\"><strong><span id=\"zMx9E8DwCKZySbNM\">INTEGRACI\u00d3N<\/span><\/strong><\/p>\n<p id=\"idp2SbWEagzMVMwa\"><span id=\"agCr0y6EIsEJjNVD\">Integramos tus \u200bsistemas para una \u200bgesti\u00f3n empresarial \u200bm\u00e1s eficiente e \u200binteligente.<\/span><\/p>\n<p><\/p><\/div>\r\n\t\t\t\t\t<\/a>\r\n\t\t\t\t<\/li>\r\n\t\t\t\t<ul class=\"tab-controls\"><\/ul>\r\n\t\t\t<\/div>[\/vc_column][\/vc_row][vc_row kd_background_image_position=\u00bbvc_row-bg-position-top\u00bb css=\u00bb.vc_custom_1737559756764{padding-bottom: 20px !important;}\u00bb][vc_column css=\u00bb.vc_custom_1737469285977{padding-top: 50px !important;}\u00bb]<header class=\"kd-section-title col-lg-12 text-center  subtitle-below-title kd-animated fadeIn  \" data-animation-delay=200><h2 class=\"separator_off\" style=\"margin-bottom:30px;\">Innovaciones de TOTVS para el mercado paname\u00f1o<\/h2><p class=\"subtitle\" style=\"color: #000000;font-size:17px;\">Descubre c\u00f3mo TOTVS y sus soluciones de IA y BI transforman los negocios.<\/p><\/header>[\/vc_column][\/vc_row][vc_row kd_background_image_position=\u00bbvc_row-bg-position-top\u00bb css=\u00bb.vc_custom_1737559864130{padding-bottom: 75px !important;}\u00bb][vc_column width=\u00bb1\/2&#8243;]<div class=\"key-icon-box icon-default icon-top cont-center ib-no-effect     icon-no-background icon-no-border\" style=\"background-color: transparent;\" ><div class=\"ib-simple-icon-wrapper\" ><i class=\"iconsmind-Monitor-Analytics iconsmind-Seo-Icons\" style=\"font-size: 170px;font-weight: 400;\"><\/i> <\/div><h5 class=\"service-heading\" style=\"color: #000000;\">BI DE TOTVS<\/h5><p style=\"color:#000000;font-size: 16;\">Dashboards e indicadores dise\u00f1ados para el segmento de actuaci\u00f3n de tu empresa.<\/p><\/div>[\/vc_column][vc_column width=\u00bb1\/2&#8243;]<div class=\"key-icon-box icon-default icon-top cont-center ib-no-effect     icon-no-background icon-no-border\" style=\"background-color: transparent;\" ><div class=\"ib-simple-icon-wrapper\" ><div class=\"tt-iconbox-customimg\"><img loading=\"lazy\" decoding=\"async\" width=\"170\" height=\"170\" src=\"https:\/\/lasercomputacion.com\/panama\/wp-content\/uploads\/2025\/01\/Banners-Laser_computacion-ICONO-ia2.png\" class=\"attachment-full\" alt=\"\" title=\"\" \/><\/div><\/div><h5 class=\"service-heading\" style=\"color: #000000;\">IA DE TOTVS<\/h5><p style=\"color:#000000;font-size: 16;\">TOTVS Carol es una plataforma de datos e inteligencia artificial con habilidades estrat\u00e9gicas que trabaja para tu empresa.<\/p><\/div>[\/vc_column][\/vc_row][vc_row kd_background_image_position=\u00bbvc_row-bg-position-top\u00bb css=\u00bb.vc_custom_1737559890448{padding-bottom: 50px !important;}\u00bb][vc_column css=\u00bb.vc_custom_1737559616435{padding-bottom: 60px !important;}\u00bb][vc_single_image image=\u00bb10518&#8243; img_size=\u00bb800px x 131px\u00bb alignment=\u00bbcenter\u00bb css_animation=\u00bbbounceInDown\u00bb][\/vc_column][\/vc_row]<\/p>\n","protected":false},"excerpt":{"rendered":"<p>[vc_row kd_background_image_position=\u00bbvc_row-bg-position-top\u00bb css=\u00bb.vc_custom_1737469571398{padding-bottom: 60px !important;}\u00bb][vc_column css=\u00bb.vc_custom_1737469285977{padding-top: 50px !important;}\u00bb][\/vc_column][\/vc_row][vc_row kd_background_image_position=\u00bbvc_row-bg-position-top\u00bb css=\u00bb.vc_custom_1737469837623{padding-bottom: 75px !important;}\u00bb][vc_column width=\u00bb1\/4&#8243;][\/vc_column][vc_column width=\u00bb1\/4&#8243;][\/vc_column][vc_column width=\u00bb1\/4&#8243;][\/vc_column][vc_column width=\u00bb1\/4&#8243;][\/vc_column][\/vc_row][vc_row full_width=\u00bbstretch_row\u00bb content_placement=\u00bbmiddle\u00bb parallax=\u00bbcontent-moving\u00bb parallax_speed_bg=\u00bb1.4&#8243; [&hellip;]<\/p>\n","protected":false},"author":1,"featured_media":10515,"parent":0,"menu_order":0,"comment_status":"closed","ping_status":"closed","template":"","meta":{"_joinchat":[],"footnotes":""},"class_list":["post-10393","page","type-page","status-publish","has-post-thumbnail","hentry"],"_links":{"self":[{"href":"https:\/\/lasercomputacion.com\/panama\/wp-json\/wp\/v2\/pages\/10393","targetHints":{"allow":["GET"]}}],"collection":[{"href":"https:\/\/lasercomputacion.com\/panama\/wp-json\/wp\/v2\/pages"}],"about":[{"href":"https:\/\/lasercomputacion.com\/panama\/wp-json\/wp\/v2\/types\/page"}],"author":[{"embeddable":true,"href":"https:\/\/lasercomputacion.com\/panama\/wp-json\/wp\/v2\/users\/1"}],"replies":[{"embeddable":true,"href":"https:\/\/lasercomputacion.com\/panama\/wp-json\/wp\/v2\/comments?post=10393"}],"version-history":[{"count":71,"href":"https:\/\/lasercomputacion.com\/panama\/wp-json\/wp\/v2\/pages\/10393\/revisions"}],"predecessor-version":[{"id":10524,"href":"https:\/\/lasercomputacion.com\/panama\/wp-json\/wp\/v2\/pages\/10393\/revisions\/10524"}],"wp:featuredmedia":[{"embeddable":true,"href":"https:\/\/lasercomputacion.com\/panama\/wp-json\/wp\/v2\/media\/10515"}],"wp:attachment":[{"href":"https:\/\/lasercomputacion.com\/panama\/wp-json\/wp\/v2\/media?parent=10393"}],"curies":[{"name":"wp","href":"https:\/\/api.w.org\/{rel}","templated":true}]}}